{"id":1700,"date":"2024-08-28T22:07:16","date_gmt":"2024-08-28T20:07:16","guid":{"rendered":"https:\/\/www.tpage.cz\/?page_id=1700"},"modified":"2026-01-24T14:26:29","modified_gmt":"2026-01-24T13:26:29","slug":"home-2","status":"publish","type":"page","link":"https:\/\/www.tpage.cz\/fi\/","title":{"rendered":"Dom\u016f"},"content":{"rendered":"<div class=\"wp-block-uagb-container uagb-block-85b91960 alignfull uagb-is-root-container\"><div class=\"uagb-container-inner-blocks-wrap\">\n<div style=\"height:280px\" aria-hidden=\"true\" class=\"wp-block-spacer\"><\/div>\n\n\n\n<div class=\"wp-block-uagb-container uagb-block-180301a5\">\n<h1 class=\"wp-block-heading has-text-align-center has-text-color has-link-color wp-elements-7f547c7e6e1a2b67d425a33796634d24\" style=\"color:#eaf2f8\"><strong>Tpage<\/strong><br>AI-verkkosivujen suunnittelu Helsingiss\u00e4 nykyaikaisille yrityksille.<\/h1>\n\n\n\n<h3 class=\"wp-block-heading has-text-align-center has-text-color has-link-color wp-elements-21537fef4fb9b6414c388f77d7988fe9\" style=\"color:#eaf2f8\">Modernit WordPress-verkkosivustot, joissa on integroitu teko\u00e4ly ja jotka toimivat yrityksesi hyv\u00e4ksi ymp\u00e4ri vuorokauden.<\/h3>\n\n\n\n<div class=\"wp-block-uagb-separator uagb-block-fb1fbe33\"><div class=\"uagb-separator-spacing-wrapper\"><div class=\"wp-block-uagb-separator__inner\" style=\"--my-background-image:\"><\/div><\/div><\/div>\n\n\n\n<h4 class=\"wp-block-heading has-text-align-center has-text-color has-link-color wp-elements-8da026d51ddaab1c4c72fd3dcf2b9cc0\" style=\"color:#eaf2f8;margin-top:0;margin-right:0;margin-bottom:0;margin-left:0\">Tehd\u00e4\u00e4n verkkosivustostasi erityinen<\/h4>\n<\/div>\n\n\n\n<div style=\"height:20px\" aria-hidden=\"true\" class=\"wp-block-spacer\"><\/div>\n\n\n\n<div class=\"wp-block-uagb-buttons uagb-buttons__outer-wrap uagb-btn__default-btn uagb-btn-tablet__default-btn uagb-btn-mobile__default-btn uagb-block-49655358\"><div class=\"uagb-buttons__wrap uagb-buttons-layout-wrap\">\n<div class=\"wp-block-uagb-buttons-child uagb-buttons__outer-wrap uagb-block-e246079e wp-block-button\"><div class=\"uagb-button__wrapper\"><a class=\"uagb-buttons-repeater wp-block-button__link\" aria-label=\"\" href=\"https:\/\/www.tpage.cz\/fi\/web-design-consultation-helsinki\/\" rel=\"follow noopener\" target=\"_self\" role=\"button\"><div class=\"uagb-button__link\">Haluan ilmaisen konsultaation!<\/div><\/a><\/div><\/div>\n<\/div><\/div>\n\n\n\n<div style=\"height:100px\" aria-hidden=\"true\" class=\"wp-block-spacer\"><\/div>\n<\/div><\/div>\n\n\n\n<div style=\"height:26px\" aria-hidden=\"true\" class=\"wp-block-spacer\"><\/div>\n\n\n\n<div class=\"wp-block-uagb-container uagb-block-19601fd0 alignfull uagb-is-root-container\"><div class=\"uagb-container-inner-blocks-wrap\">\n<div class=\"wp-block-columns is-layout-flex wp-container-core-columns-is-layout-28f84493 wp-block-columns-is-layout-flex\">\n<div class=\"wp-block-column is-layout-flow wp-block-column-is-layout-flow\" style=\"flex-basis:33.33%\">\n<div class=\"wp-block-uagb-container uagb-block-03a8becb\"><div class=\"wp-block-image\">\n<figure class=\"aligncenter size-large is-resized uag-hide-tab uag-hide-mob\"><img loading=\"lazy\" decoding=\"async\" width=\"683\" height=\"1024\" src=\"https:\/\/www.tpage.cz\/wp-content\/uploads\/2024\/08\/pexels-photo-6177572-6177572-683x1024.jpg\" alt=\"Professional AI Web Design Helsinki services by TPage\" class=\"wp-image-1707\" style=\"width:279px;height:auto\" srcset=\"https:\/\/www.tpage.cz\/wp-content\/uploads\/2024\/08\/pexels-photo-6177572-6177572-683x1024.jpg 683w, https:\/\/www.tpage.cz\/wp-content\/uploads\/2024\/08\/pexels-photo-6177572-6177572-200x300.jpg 200w, https:\/\/www.tpage.cz\/wp-content\/uploads\/2024\/08\/pexels-photo-6177572-6177572.jpg 700w\" sizes=\"auto, (max-width: 683px) 100vw, 683px\" \/><\/figure>\n<\/div><\/div>\n<\/div>\n\n\n\n<div class=\"wp-block-column is-layout-flow wp-block-column-is-layout-flow\" style=\"flex-basis:66.66%\">\n<div class=\"wp-block-uagb-container uagb-block-a1e05131\">\n<h2 class=\"wp-block-heading has-text-color has-link-color wp-elements-560b53a7e0755ffead820118fdd26077\" style=\"color:#2c3e50\">Kumppanisi teko\u00e4lypohjaisessa verkkosivujen suunnittelussa <\/h2>\n\n\n\n<p>Etsitk\u00f6 huippuluokan <strong>AI-verkkosivujen suunnittelu Helsinki<\/strong>? TPage tarjoaa juuri sit\u00e4. Vanhoilla menetelmill\u00e4 rakennetut verkkosivustot eiv\u00e4t en\u00e4\u00e4 riit\u00e4 kilpailukykyiselle vuoden 2026 markkinalle. Yhdist\u00e4n WordPressin vakauden teko\u00e4lyn nopeuteen ja luovuuteen luodakseni aktiivisia ty\u00f6kaluja kasvullesi.<\/p>\n<\/div>\n\n\n\n<h2 class=\"wp-block-heading has-text-color has-link-color wp-elements-a5156cf5861f6b7f2476e3e270a6e55f\" style=\"color:#2c3e50\">Suomalainen tehokkuus kohtaa t\u0161ekkil\u00e4isen k\u00e4sity\u00f6taidon<\/h2>\n\n\n\n<p>Sijaitsee yhden Euroopan innovatiivisimman teknologiakeskuksen syd\u00e4mess\u00e4. T\u00e4m\u00e4 kokemus on opettanut minulle, ett\u00e4 verkkosivusto ei saisi olla vain paikallinen k\u00e4yntikortti, vaan globaali ty\u00f6kalu. Tarjoan <strong>ammattimaiset WordPress-kehitt\u00e4j\u00e4palvelut Helsingiss\u00e4<\/strong>. Rakennan ratkaisuja, jotka ovat valmiita laajentumiseen, monikielisyyteen ja salamannopeaan latautumiseen kaikkialla maailmassa ensimm\u00e4isest\u00e4 pikselist\u00e4 l\u00e4htien. Yhdist\u00e4n t\u0161ekkil\u00e4isen k\u00e4sity\u00f6taidon ja suomalaisen painotuksen <strong>toiminnallisuus<\/strong> ja <strong>teknologinen minimalismi<\/strong>.<\/p>\n<\/div>\n<\/div>\n<\/div><\/div>\n\n\n\n<div style=\"height:26px\" aria-hidden=\"true\" class=\"wp-block-spacer\"><\/div>\n\n\n\n<div style=\"height:11px\" aria-hidden=\"true\" class=\"wp-block-spacer\"><\/div>\n\n\n\n<div class=\"wp-block-uagb-container uagb-block-5edd2860 alignfull uagb-is-root-container\"><div class=\"uagb-container-inner-blocks-wrap\">\n<div style=\"height:80px\" aria-hidden=\"true\" class=\"wp-block-spacer\"><\/div>\n\n\n\n<div class=\"wp-block-uagb-container uagb-block-fe50ca59\">\n<div class=\"wp-block-columns is-layout-flex wp-container-core-columns-is-layout-28f84493 wp-block-columns-is-layout-flex\">\n<div class=\"wp-block-column is-layout-flow wp-block-column-is-layout-flow\">\n<div data-aos= \"fade-up\" data-aos-duration=\"400\" data-aos-delay=\"0\" data-aos-easing=\"ease\" data-aos-once=\"true\" class=\"wp-block-uagb-container uagb-block-9a2da2ff\">\n<div data-aos= \"fade-up\" data-aos-duration=\"400\" data-aos-delay=\"0\" data-aos-easing=\"ease\" data-aos-once=\"true\" class=\"wp-block-uagb-info-box uagb-block-d0e240f8 uagb-infobox__content-wrap  uagb-infobox-icon-left-title uagb-infobox-left uagb-infobox-image-valign-top\"><div class=\"uagb-ifb-content\"><div class=\"uagb-ifb-left-title-image\"><div class=\"uagb-ifb-icon-wrap\"><svg xmlns=\"https:\/\/www.w3.org\/2000\/svg\" viewbox=\"0 0 512 512\"><path d=\"M421.7 220.3L188.5 453.4L154.6 419.5L158.1 416H112C103.2 416 96 408.8 96 400V353.9L92.51 357.4C87.78 362.2 84.31 368 82.42 374.4L59.44 452.6L137.6 429.6C143.1 427.7 149.8 424.2 154.6 419.5L188.5 453.4C178.1 463.8 165.2 471.5 151.1 475.6L30.77 511C22.35 513.5 13.24 511.2 7.03 504.1C.8198 498.8-1.502 489.7 .976 481.2L36.37 360.9C40.53 346.8 48.16 333.9 58.57 323.5L291.7 90.34L421.7 220.3zM492.7 58.75C517.7 83.74 517.7 124.3 492.7 149.3L444.3 197.7L314.3 67.72L362.7 19.32C387.7-5.678 428.3-5.678 453.3 19.32L492.7 58.75z\"><\/path><\/svg><\/div><div class=\"uagb-ifb-title-wrap\"><h3 class=\"uagb-ifb-title\">AI powered development<\/h3><\/div><\/div><p class=\"uagb-ifb-desc\">Rakennan WordPress-alustalle korkean suorituskyvyn verkkosivustoja k\u00e4ytt\u00e4m\u00e4ll\u00e4 teko\u00e4ly\u00e4 maksimaalisen tehokkuuden ja puhtaan koodin saavuttamiseksi.<\/p><\/div><\/div>\n\n\n\n<div style=\"height:2px\" aria-hidden=\"true\" class=\"wp-block-spacer\"><\/div>\n<\/div>\n<\/div>\n\n\n\n<div class=\"wp-block-column is-layout-flow wp-block-column-is-layout-flow\">\n<div data-aos= \"fade-up\" data-aos-duration=\"400\" data-aos-delay=\"0\" data-aos-easing=\"ease\" data-aos-once=\"true\" class=\"wp-block-uagb-container uagb-block-98fd63e3\">\n<div data-aos= \"fade-up\" data-aos-duration=\"400\" data-aos-delay=\"0\" data-aos-easing=\"ease\" data-aos-once=\"true\" class=\"wp-block-uagb-info-box uagb-block-8270826a uagb-infobox__content-wrap  uagb-infobox-icon-left-title uagb-infobox-left uagb-infobox-image-valign-top wp-block-uagb-info-box--has-margin\"><div class=\"uagb-infobox-margin-wrapper\"><div class=\"uagb-ifb-content\"><div class=\"uagb-ifb-left-title-image\"><div class=\"uagb-ifb-icon-wrap\"><svg xmlns=\"https:\/\/www.w3.org\/2000\/svg\" viewbox=\"0 0 640 512\"><path d=\"M128 96h384v256h64V80C576 53.63 554.4 32 528 32h-416C85.63 32 64 53.63 64 80V352h64V96zM624 384h-608C7.25 384 0 391.3 0 400V416c0 35.25 28.75 64 64 64h512c35.25 0 64-28.75 64-64v-16C640 391.3 632.8 384 624 384zM365.9 286.2C369.8 290.1 374.9 292 380 292s10.23-1.938 14.14-5.844l48-48c7.812-7.813 7.812-20.5 0-28.31l-48-48c-7.812-7.813-20.47-7.813-28.28 0c-7.812 7.813-7.812 20.5 0 28.31l33.86 33.84l-33.86 33.84C358 265.7 358 278.4 365.9 286.2zM274.1 161.9c-7.812-7.813-20.47-7.813-28.28 0l-48 48c-7.812 7.813-7.812 20.5 0 28.31l48 48C249.8 290.1 254.9 292 260 292s10.23-1.938 14.14-5.844c7.812-7.813 7.812-20.5 0-28.31L240.3 224l33.86-33.84C281.1 182.4 281.1 169.7 274.1 161.9z\"><\/path><\/svg><\/div><div class=\"uagb-ifb-title-wrap\"><h3 class=\"uagb-ifb-title\">Teknologian k\u00e4ytt\u00f6\u00f6notto<\/h3><\/div><\/div><div class=\"uagb-ifb-desc\">\n<p>\u00c4lykk\u00e4iden teko\u00e4lyavustajien k\u00e4ytt\u00f6\u00f6notto, jotka k\u00e4sittelev\u00e4t asiakaskyselyit\u00e4 puolestasi ymp\u00e4ri vuorokauden. T\u00e4m\u00e4 on tulevaisuus. <strong>AI-chatbotin integrointi Suomessa<\/strong>.<\/p>\n<\/div><\/div><\/div><\/div>\n<\/div>\n<\/div>\n\n\n\n<div class=\"wp-block-column is-layout-flow wp-block-column-is-layout-flow\">\n<div data-aos= \"fade-up\" data-aos-duration=\"400\" data-aos-delay=\"0\" data-aos-easing=\"ease\" data-aos-once=\"true\" class=\"wp-block-uagb-container uagb-block-54157bfd\">\n<div data-aos= \"fade-up\" data-aos-duration=\"400\" data-aos-delay=\"0\" data-aos-easing=\"ease\" data-aos-once=\"true\" class=\"wp-block-uagb-info-box uagb-block-df7edcca uagb-infobox__content-wrap  uagb-infobox-icon-left-title uagb-infobox-left uagb-infobox-image-valign-top\"><div class=\"uagb-ifb-content\"><div class=\"uagb-ifb-left-title-image\"><div class=\"uagb-ifb-icon-wrap\"><svg xmlns=\"https:\/\/www.w3.org\/2000\/svg\" viewbox=\"0 0 576 512\"><path d=\"M568.1 196.3l-22.62-22.62c-4.533-4.533-10.56-7.029-16.97-7.029s-12.44 2.496-16.97 7.029l-5.654 5.656l-20.12-20.12c4.596-23.46-2.652-47.9-19.47-64.73l-45.25-45.25C390.2 17.47 347.1 0 303.1 0C258.2 0 216 17.47 184.3 49.21L176.5 57.05L272.5 105.1v13.81c0 18.95 7.688 37.5 21.09 50.91l49.16 49.14c13.44 13.45 31.39 20.86 50.54 20.86c4.758 0 9.512-.4648 14.18-1.387l20.12 20.12l-5.654 5.654c-9.357 9.357-9.357 24.58-.002 33.94l22.62 22.62c4.535 4.533 10.56 7.031 16.97 7.031s12.44-2.498 16.97-7.031l90.53-90.5C578.3 220.8 578.3 205.6 568.1 196.3zM270.9 192.4c-3.846-3.846-7.197-8.113-10.37-12.49l-239.5 209.2c-28.12 28.12-28.16 73.72-.0371 101.8C35.12 505 53.56 512 71.1 512s36.84-7.031 50.91-21.09l209.1-239.4c-4.141-3.061-8.184-6.289-11.89-9.996L270.9 192.4z\"><\/path><\/svg><\/div><div class=\"uagb-ifb-title-wrap\"><h3 class=\"uagb-ifb-title\">UX design ja SEO<\/h3><\/div><\/div><p class=\"uagb-ifb-desc\">Asiantunteva suunnittelu ja <strong>SEO-optimointi<\/strong> joka auttaa asiakkaita l\u00f6yt\u00e4m\u00e4\u00e4n sinut Helsingin ja sen ulkopuolella toimivien kilpailijoiden joukosta.<\/p><\/div><\/div>\n\n\n\n<div style=\"height:2px\" aria-hidden=\"true\" class=\"wp-block-spacer\"><\/div>\n<\/div>\n<\/div>\n<\/div>\n\n\n\n<div class=\"wp-block-uagb-buttons uagb-buttons__outer-wrap uagb-btn__default-btn uagb-btn-tablet__default-btn uagb-btn-mobile__default-btn uagb-block-2b4731cd\"><div class=\"uagb-buttons__wrap uagb-buttons-layout-wrap\">\n<div data-aos= \"fade-up\" data-aos-duration=\"400\" data-aos-delay=\"0\" data-aos-easing=\"ease\" data-aos-once=\"true\" class=\"wp-block-uagb-buttons-child uagb-buttons__outer-wrap uagb-block-2f0549c8 wp-block-button\"><div class=\"uagb-button__wrapper\"><a class=\"uagb-buttons-repeater wp-block-button__link\" aria-label=\"\" href=\"https:\/\/www.tpage.cz\/fi\/web-development-services-finland\/\" rel=\"follow noopener\" target=\"_self\" role=\"button\"><div class=\"uagb-button__link\">Haluan tiet\u00e4\u00e4 lis\u00e4\u00e4!<\/div><\/a><\/div><\/div>\n<\/div><\/div>\n<\/div>\n\n\n\n<div style=\"height:40px\" aria-hidden=\"true\" class=\"wp-block-spacer\"><\/div>\n<\/div><\/div>\n\n\n\n<div style=\"height:50px\" aria-hidden=\"true\" class=\"wp-block-spacer\"><\/div>\n\n\n\n<div style=\"height:30px\" aria-hidden=\"true\" class=\"wp-block-spacer\"><\/div>\n\n\n\n<div class=\"wp-block-uagb-container uagb-block-3377cd81 alignfull uagb-is-root-container\"><div class=\"uagb-container-inner-blocks-wrap\">\n<div class=\"wp-block-uagb-container uagb-block-64a10d8c\">\n<h2 class=\"wp-block-heading has-text-color has-link-color wp-elements-7695ffb4d9852fe48459d58e4905714f\" style=\"color:#2c3e50\">Ei yrityspuhetta. Vain tuloksia.<\/h2>\n\n\n\n<p>Ty\u00f6prosessini <strong>AI web design<\/strong> Helsingiss\u00e4 on eritt\u00e4in suoraviivaista. Kehittyneiden teko\u00e4lyty\u00f6kalujen ansiosta voin lyhent\u00e4\u00e4 kehitysaikaa loputtomista kuukausista muutamaan p\u00e4iv\u00e4\u00e4n ilman, ett\u00e4 laatu k\u00e4rsii yht\u00e4\u00e4n. Keskityn yksinomaan siihen, mik\u00e4 on <strong>v\u00e4ltt\u00e4m\u00e4t\u00f6n voittojen kannalta<\/strong>: korkeat konversioasteet, tinkim\u00e4t\u00f6n nopeus mobiililaitteilla ja visuaalinen suunnittelu, joka t\u00e4ytt\u00e4\u00e4 t\u00e4ysin vuoden 2026 teknologiset standardit. Voit keskitty\u00e4 h\u00e4iri\u00f6itt\u00e4 <strong>strateginen kehitys<\/strong> liiketoiminnastasi, kun taas min\u00e4 varmistan, ett\u00e4 digitaalinen maailma n\u00e4kee sinut parhaassa mahdollisessa valossa ja <strong>selv\u00e4 johtoasema kaikkiin kilpailijoihisi n\u00e4hden<\/strong>.<\/p>\n<\/div>\n\n\n\n<div class=\"wp-block-uagb-container uagb-block-3d6482ab\">\n<div class=\"wp-block-uagb-container uagb-block-6c2865cb\"><div class=\"wp-block-image\">\n<figure class=\"aligncenter size-large is-resized uag-hide-tab uag-hide-mob\"><img loading=\"lazy\" decoding=\"async\" width=\"768\" height=\"1024\" src=\"https:\/\/www.tpage.cz\/wp-content\/uploads\/2024\/08\/pexels-photo-699459-699459-768x1024.jpg\" alt=\"TPage studio providing web development services in Helsinki\" class=\"wp-image-1715\" style=\"width:245px;height:auto\" srcset=\"https:\/\/www.tpage.cz\/wp-content\/uploads\/2024\/08\/pexels-photo-699459-699459-768x1024.jpg 768w, https:\/\/www.tpage.cz\/wp-content\/uploads\/2024\/08\/pexels-photo-699459-699459-225x300.jpg 225w, https:\/\/www.tpage.cz\/wp-content\/uploads\/2024\/08\/pexels-photo-699459-699459-1152x1536.jpg 1152w, https:\/\/www.tpage.cz\/wp-content\/uploads\/2024\/08\/pexels-photo-699459-699459-1536x2048.jpg 1536w, https:\/\/www.tpage.cz\/wp-content\/uploads\/2024\/08\/pexels-photo-699459-699459-scaled.jpg 1920w\" sizes=\"auto, (max-width: 768px) 100vw, 768px\" \/><\/figure>\n<\/div><\/div>\n<\/div>\n<\/div><\/div>","protected":false},"excerpt":{"rendered":"<p>TpageAI Web Design Helsinki for modern businesses. Modern WordPress websites with integrated AI that work for your business 24\/7 Let&#8217;s make your website special Your Partner for AI Web Design Looking for cutting-edge AI Web Design Helsinki? TPage delivers exactly that. Building websites the old-fashioned way is no longer enough for the competitive 2026 market. &#8230; <a title=\"Dom\u016f\" class=\"read-more\" href=\"https:\/\/www.tpage.cz\/fi\/\" aria-label=\"Lue lis\u00e4\u00e4 aiheesta Dom\u016f\">Lue lis\u00e4\u00e4<\/a><\/p>","protected":false},"author":1,"featured_media":0,"parent":0,"menu_order":0,"comment_status":"closed","ping_status":"closed","template":"","meta":{"qubely_global_settings":"","qubely_interactions":"","_uag_custom_page_level_css":"","footnotes":""},"wf_page_folders":[14],"class_list":["post-1700","page","type-page","status-publish"],"uagb_featured_image_src":{"full":false,"thumbnail":false,"medium":false,"medium_large":false,"large":false,"1536x1536":false,"2048x2048":false,"trp-custom-language-flag":false,"qubely_landscape":false,"qubely_portrait":false,"qubely_thumbnail":false},"uagb_author_info":{"display_name":"telda04","author_link":"https:\/\/www.tpage.cz\/fi\/author\/telda04\/"},"uagb_comment_info":0,"uagb_excerpt":"TpageAI Web Design Helsinki for modern businesses. Modern WordPress websites with integrated AI that work for your business 24\/7 Let&#8217;s make your website special Your Partner for AI Web Design Looking for cutting-edge AI Web Design Helsinki? TPage delivers exactly that. Building websites the old-fashioned way is no longer enough for the competitive 2026 market.&hellip;","_links":{"self":[{"href":"https:\/\/www.tpage.cz\/fi\/wp-json\/wp\/v2\/pages\/1700","targetHints":{"allow":["GET"]}}],"collection":[{"href":"https:\/\/www.tpage.cz\/fi\/wp-json\/wp\/v2\/pages"}],"about":[{"href":"https:\/\/www.tpage.cz\/fi\/wp-json\/wp\/v2\/types\/page"}],"author":[{"embeddable":true,"href":"https:\/\/www.tpage.cz\/fi\/wp-json\/wp\/v2\/users\/1"}],"replies":[{"embeddable":true,"href":"https:\/\/www.tpage.cz\/fi\/wp-json\/wp\/v2\/comments?post=1700"}],"version-history":[{"count":167,"href":"https:\/\/www.tpage.cz\/fi\/wp-json\/wp\/v2\/pages\/1700\/revisions"}],"predecessor-version":[{"id":2443,"href":"https:\/\/www.tpage.cz\/fi\/wp-json\/wp\/v2\/pages\/1700\/revisions\/2443"}],"wp:attachment":[{"href":"https:\/\/www.tpage.cz\/fi\/wp-json\/wp\/v2\/media?parent=1700"}],"wp:term":[{"taxonomy":"wf_page_folders","embeddable":true,"href":"https:\/\/www.tpage.cz\/fi\/wp-json\/wp\/v2\/wf_page_folders?post=1700"}],"curies":[{"name":"wp","href":"https:\/\/api.w.org\/{rel}","templated":true}]}}