{"id":1767,"date":"2024-09-03T14:19:22","date_gmt":"2024-09-03T12:19:22","guid":{"rendered":"https:\/\/www.tpage.cz\/?page_id=1767"},"modified":"2026-01-23T21:44:35","modified_gmt":"2026-01-23T20:44:35","slug":"web-design-consultation-helsinki","status":"publish","type":"page","link":"https:\/\/www.tpage.cz\/fi\/web-design-consultation-helsinki\/","title":{"rendered":"Yhteystiedot"},"content":{"rendered":"<div class=\"wp-block-uagb-container uagb-block-7a92db72 alignfull uagb-is-root-container\"><div class=\"uagb-container-inner-blocks-wrap\">\n<div style=\"height:280px\" aria-hidden=\"true\" class=\"wp-block-spacer\"><\/div>\n\n\n\n<div class=\"wp-block-uagb-container uagb-block-04e6f2dc\">\n<h1 class=\"wp-block-heading has-text-align-center has-text-color has-link-color wp-elements-a8720a2e219f51921261590475f8b1e0\" style=\"color:#eaf2f8\"><strong>Tpage<\/strong><br>Yhteystiedot<\/h1>\n\n\n\n<h2 class=\"wp-block-heading has-text-align-center has-text-color has-link-color wp-elements-dd5e9bdc3d7d3474923ba5e6fb27bede\" style=\"color:#eaf2f8\">Hanki ammattimainen verkkosivujen suunnittelukonsultaatio \u2013 Helsinki<\/h2>\n\n\n\n<div class=\"wp-block-uagb-separator uagb-block-77cd2df0\"><div class=\"uagb-separator-spacing-wrapper\"><div class=\"wp-block-uagb-separator__inner\" style=\"--my-background-image:\"><\/div><\/div><\/div>\n\n\n\n<div class=\"wp-block-columns is-layout-flex wp-container-core-columns-is-layout-28f84493 wp-block-columns-is-layout-flex\">\n<div class=\"wp-block-column is-vertically-aligned-bottom is-layout-flow wp-container-core-column-is-layout-f5bb311e wp-block-column-is-layout-flow\" style=\"flex-basis:50%\">\n<p class=\"has-text-align-right has-text-color has-link-color uag-hide-tab uag-hide-mob wp-elements-b26e2574f2550c9ae42e9c89785a43d3\" style=\"color:#eaf2f8;margin-top:0;margin-right:var(--wp--preset--spacing--20);margin-bottom:0;margin-left:var(--wp--preset--spacing--20)\">tpage.kontakt@gmail.com<\/p>\n\n\n\n<div class=\"wp-block-uagb-modal uagb-block-980141d4 uagb-modal-wrapper uag-hide-desktop\" data-escpress=\"enable\" data-overlayclick=\"enable\"><div class=\"uagb-spectra-button-wrapper wp-block-button\"><a class=\"uagb-modal-button-link wp-block-button__link uagb-modal-trigger\" href=\"#\" onclick=\"return false;\" target=\"_self\" rel=\"noopener noreferrer\"><span class=\"uagb-modal-content-wrapper\"><span class=\"uagb-inline-editing\">Email<\/span><\/span><\/a><\/div><div class=\"uagb-effect-default uagb-modal-popup uagb-block-980141d4\"><div class=\"uagb-modal-popup-wrap\"><div class=\"uagb-modal-popup-content\">\n\n<h2 class=\"wp-block-heading has-text-align-center\">Napi\u0161te mi email<\/h2>\n\n\n<div style=\"height:13px\" aria-hidden=\"true\" class=\"wp-block-spacer\"><\/div>\n\n\n<p class=\"has-text-align-center\" style=\"margin-top:0;margin-bottom:0\">tpage.kontakt@gmail.com<\/p>\n\n<\/div><button class=\"uagb-modal-popup-close\" aria-label=\"Close Modal\"><svg xmlns=\"https:\/\/www.w3.org\/2000\/svg\" viewbox=\"0 0 320 512\"><path d=\"M310.6 361.4c12.5 12.5 12.5 32.75 0 45.25C304.4 412.9 296.2 416 288 416s-16.38-3.125-22.62-9.375L160 301.3L54.63 406.6C48.38 412.9 40.19 416 32 416S15.63 412.9 9.375 406.6c-12.5-12.5-12.5-32.75 0-45.25l105.4-105.4L9.375 150.6c-12.5-12.5-12.5-32.75 0-45.25s32.75-12.5 45.25 0L160 210.8l105.4-105.4c12.5-12.5 32.75-12.5 45.25 0s12.5 32.75 0 45.25l-105.4 105.4L310.6 361.4z\"><\/path><\/svg><\/button><\/div><\/div><\/div>\n<\/div>\n\n\n\n<div class=\"wp-block-column is-vertically-aligned-top is-layout-flow wp-container-core-column-is-layout-f5bb311e wp-block-column-is-layout-flow\">\n<p class=\"has-text-align-left has-text-color has-link-color uag-hide-tab uag-hide-mob wp-elements-de0d253a75eef9ee736de0406771846e\" style=\"color:#eaf2f8\">+420 739 964 960<\/p>\n\n\n\n<div class=\"wp-block-uagb-modal uagb-block-e805fbb8 uagb-modal-wrapper uag-hide-desktop\" data-escpress=\"enable\" data-overlayclick=\"enable\"><div class=\"uagb-spectra-button-wrapper wp-block-button\"><a class=\"uagb-modal-button-link wp-block-button__link uagb-modal-trigger\" href=\"#\" onclick=\"return false;\" target=\"_self\" rel=\"noopener noreferrer\"><span class=\"uagb-modal-content-wrapper\"><span class=\"uagb-inline-editing\">Telefon<\/span><\/span><\/a><\/div><div class=\"uagb-effect-default uagb-modal-popup uagb-block-e805fbb8\"><div class=\"uagb-modal-popup-wrap\"><div class=\"uagb-modal-popup-content\">\n\n<h2 class=\"wp-block-heading has-text-align-center\">Zavolejte mi<\/h2>\n\n\n<div style=\"height:13px\" aria-hidden=\"true\" class=\"wp-block-spacer\"><\/div>\n\n\n<p class=\"has-text-align-center\" style=\"margin-top:0;margin-bottom:0\">+420 739 964 960<\/p>\n\n<\/div><button class=\"uagb-modal-popup-close\" aria-label=\"Close Modal\"><svg xmlns=\"https:\/\/www.w3.org\/2000\/svg\" viewbox=\"0 0 320 512\"><path d=\"M310.6 361.4c12.5 12.5 12.5 32.75 0 45.25C304.4 412.9 296.2 416 288 416s-16.38-3.125-22.62-9.375L160 301.3L54.63 406.6C48.38 412.9 40.19 416 32 416S15.63 412.9 9.375 406.6c-12.5-12.5-12.5-32.75 0-45.25l105.4-105.4L9.375 150.6c-12.5-12.5-12.5-32.75 0-45.25s32.75-12.5 45.25 0L160 210.8l105.4-105.4c12.5-12.5 32.75-12.5 45.25 0s12.5 32.75 0 45.25l-105.4 105.4L310.6 361.4z\"><\/path><\/svg><\/button><\/div><\/div><\/div>\n<\/div>\n<\/div>\n<\/div>\n\n\n\n<div style=\"height:2px\" aria-hidden=\"true\" class=\"wp-block-spacer uag-hide-tab uag-hide-mob\"><\/div>\n\n\n\n<div class=\"wp-block-uagb-buttons uagb-buttons__outer-wrap uagb-btn__default-btn uagb-btn-tablet__default-btn uagb-btn-mobile__default-btn uagb-block-b92165c5\"><div class=\"uagb-buttons__wrap uagb-buttons-layout-wrap\">\n<div class=\"wp-block-uagb-buttons-child uagb-buttons__outer-wrap uagb-block-63a64765 wp-block-button\"><div class=\"uagb-button__wrapper\"><a class=\"uagb-buttons-repeater wp-block-button__link\" aria-label=\"\" href=\"https:\/\/www.tpage.cz\/fi\/\" rel=\"follow noopener\" target=\"_self\" role=\"button\"><div class=\"uagb-button__link\">Koti<\/div><\/a><\/div><\/div>\n<\/div><\/div>\n\n\n\n<div style=\"height:100px\" aria-hidden=\"true\" class=\"wp-block-spacer\"><\/div>\n<\/div><\/div>\n\n\n\n<div style=\"height:10px\" aria-hidden=\"true\" class=\"wp-block-spacer\"><\/div>\n\n\n\n<div class=\"wp-block-uagb-container uagb-block-76e7f405 alignfull uagb-is-root-container\"><div class=\"uagb-container-inner-blocks-wrap\">\n<div class=\"wp-block-uagb-container uagb-block-10774733\">\n<div class=\"wp-block-uagb-container uagb-block-16e3afe1\">\n<h2 class=\"wp-block-heading\" style=\"margin-right:var(--wp--preset--spacing--30);margin-left:var(--wp--preset--spacing--30)\">Helsinki \u2013 Brno: Verkkosivujen suunnittelun konsultointikeskus<\/h2>\n\n\n\n<p style=\"margin-right:var(--wp--preset--spacing--30);margin-left:var(--wp--preset--spacing--30)\">Ty\u00f6skentelen suomalaisen teknologian ytimess\u00e4, mutta juureni ja liiketoimintani ovat edelleen Brnossa. T\u00e4m\u00e4n ainutlaatuisen yhdistelm\u00e4n ansiosta voin tuoda Helsingin innovaatiot T\u0161ekin ymp\u00e4rist\u00f6\u00f6n. Ty\u00f6nteon optimoimiseksi k\u00e4yt\u00e4n ty\u00f6kaluja, kuten <a href=\"https:\/\/openai.com\/\" target=\"_blank\" rel=\"noopener\">OpenAU<\/a>. Etsitp\u00e4 sitten <strong>moderni markkinointi Helsingiss\u00e4<\/strong> tai tarvitset ammattilaisen apua <strong>verkkosivujen suunnittelukonsultointi<\/strong>Olen t\u00e4\u00e4ll\u00e4 muuttamassa visiosi mitattaviksi tuloksiksi.<\/p>\n\n\n\n<p style=\"margin-right:var(--wp--preset--spacing--30);margin-left:var(--wp--preset--spacing--30)\"><strong>\u00c4l\u00e4 odota \u201doikeaa hetke\u00e4\u201d<\/strong> \u2013 kilpailijasi ovat todenn\u00e4k\u00f6isesti jo optimoimassa j\u00e4rjestelmi\u00e4\u00e4n. L\u00e4het\u00e4 minulle s\u00e4hk\u00f6postia, soita tai t\u00e4yt\u00e4 oikealla oleva lomake. Otan sinuun yhteytt\u00e4 ennen auringonlaskua Helsingiss\u00e4 (mik\u00e4 ei talvella kest\u00e4 kauan). <strong>Rakennetaan yhdess\u00e4 verkkosivusto, joka ei vain ole olemassa, vaan hallitsee alaa.<\/strong><\/p>\n<\/div>\n<\/div>\n\n\n\n<div class=\"wp-block-uagb-container uagb-block-837e4d2d\">\n<div class=\"wp-block-uagb-forms uagb-forms__outer-wrap uagb-block-0db75f58 uagb-forms__medium-btn\"><form class=\"uagb-forms-main-form\" method=\"post\" autocomplete=\"on\" name=\"uagb-form-0db75f58\" action=\"\">\n<div class=\"wp-block-uagb-forms-name uagb-forms-name-wrap uagb-forms-field-set uagb-block-6ec2ed7f\"><div class=\"uagb-forms-name-label required uagb-forms-input-label\" id=\"6ec2ed7f\">Nimi<\/div><input type=\"text\" placeholder=\"John Doe\" required class=\"uagb-forms-name-input uagb-forms-input\" name=\"6ec2ed7f\" autocomplete=\"name\"\/><\/div>\n\n\n\n<div class=\"wp-block-uagb-forms-email uagb-forms-email-wrap uagb-forms-field-set uagb-block-f9447646\"><div class=\"uagb-forms-email-label required uagb-forms-input-label\" id=\"f9447646\">Email<\/div><input type=\"email\" class=\"uagb-forms-email-input uagb-forms-input\" placeholder=\"example@mail.com\" required name=\"f9447646\" autocomplete=\"email\"\/><\/div>\n\n\n\n<div class=\"wp-block-uagb-forms-textarea uagb-forms-textarea-wrap uagb-forms-field-set uagb-block-d7cf2baf\"><div class=\"uagb-forms-textarea-label required uagb-forms-input-label\" id=\"d7cf2baf\">Viesti<\/div><textarea required class=\"uagb-forms-textarea-input uagb-forms-input\" rows=\"4\" placeholder=\"Viestisi\" name=\"d7cf2baf\" autocomplete=\"off\"><\/textarea><\/div>\n<div class=\"uagb-forms-form-hidden-data\"><input type=\"hidden\" class=\"uagb_forms_form_label\" value=\"Spectra Form\"\/><input type=\"hidden\" class=\"uagb_forms_form_id\" value=\"uagb-form-0db75f58\"\/><\/div><div class=\"uagb-form-reacaptcha-error-0db75f58\"><\/div><div class=\"uagb-forms-main-submit-button-wrap wp-block-button\"><button class=\"uagb-forms-main-submit-button wp-block-button__link\"><div class=\"uagb-forms-main-submit-button-text\">L\u00e4het\u00e4<\/div><\/button><\/div><input type=\"hidden\" name=\"trp-form-language\" value=\"fi\"\/><\/form><div class=\"uagb-forms-success-message-0db75f58 uagb-forms-submit-message-hide\"><span>The form has been submitted successfully!<\/span><\/div><div class=\"uagb-forms-failed-message-0db75f58 uagb-forms-submit-message-hide\"><span>There has been some error while submitting the form. Please verify all form fields again.<\/span><\/div><\/div>\n<\/div>\n<\/div><\/div>","protected":false},"excerpt":{"rendered":"<p>TpageContact Get Your Professional Web Design Consultation &#8211; Helsinki tpage.kontakt@gmail.com +420 739 964 960 Helsinki \u2013 Brno: Your Web Design Consultation Hub I work in the heart of Finnish technology, but my roots and business remain in Brno. This unique combination allows me to bring innovations that I see firsthand in Helsinki to the Czech &#8230; <a title=\"Yhteystiedot\" class=\"read-more\" href=\"https:\/\/www.tpage.cz\/fi\/web-design-consultation-helsinki\/\" aria-label=\"Lue lis\u00e4\u00e4 aiheesta Kontakt\">Lue lis\u00e4\u00e4<\/a><\/p>","protected":false},"author":1,"featured_media":0,"parent":0,"menu_order":0,"comment_status":"closed","ping_status":"closed","template":"","meta":{"qubely_global_settings":"","qubely_interactions":"","_uag_custom_page_level_css":"","footnotes":""},"wf_page_folders":[14],"class_list":["post-1767","page","type-page","status-publish"],"uagb_featured_image_src":{"full":false,"thumbnail":false,"medium":false,"medium_large":false,"large":false,"1536x1536":false,"2048x2048":false,"trp-custom-language-flag":false,"qubely_landscape":false,"qubely_portrait":false,"qubely_thumbnail":false},"uagb_author_info":{"display_name":"telda04","author_link":"https:\/\/www.tpage.cz\/fi\/author\/telda04\/"},"uagb_comment_info":0,"uagb_excerpt":"TpageContact Get Your Professional Web Design Consultation &#8211; Helsinki tpage.kontakt@gmail.com +420 739 964 960 Helsinki \u2013 Brno: Your Web Design Consultation Hub I work in the heart of Finnish technology, but my roots and business remain in Brno. This unique combination allows me to bring innovations that I see firsthand in Helsinki to the Czech&hellip;","_links":{"self":[{"href":"https:\/\/www.tpage.cz\/fi\/wp-json\/wp\/v2\/pages\/1767","targetHints":{"allow":["GET"]}}],"collection":[{"href":"https:\/\/www.tpage.cz\/fi\/wp-json\/wp\/v2\/pages"}],"about":[{"href":"https:\/\/www.tpage.cz\/fi\/wp-json\/wp\/v2\/types\/page"}],"author":[{"embeddable":true,"href":"https:\/\/www.tpage.cz\/fi\/wp-json\/wp\/v2\/users\/1"}],"replies":[{"embeddable":true,"href":"https:\/\/www.tpage.cz\/fi\/wp-json\/wp\/v2\/comments?post=1767"}],"version-history":[{"count":63,"href":"https:\/\/www.tpage.cz\/fi\/wp-json\/wp\/v2\/pages\/1767\/revisions"}],"predecessor-version":[{"id":2428,"href":"https:\/\/www.tpage.cz\/fi\/wp-json\/wp\/v2\/pages\/1767\/revisions\/2428"}],"wp:attachment":[{"href":"https:\/\/www.tpage.cz\/fi\/wp-json\/wp\/v2\/media?parent=1767"}],"wp:term":[{"taxonomy":"wf_page_folders","embeddable":true,"href":"https:\/\/www.tpage.cz\/fi\/wp-json\/wp\/v2\/wf_page_folders?post=1767"}],"curies":[{"name":"wp","href":"https:\/\/api.w.org\/{rel}","templated":true}]}}