{"id":1778,"date":"2024-09-03T12:37:43","date_gmt":"2024-09-03T10:37:43","guid":{"rendered":"https:\/\/www.tpage.cz\/?page_id=1778"},"modified":"2026-01-24T14:27:03","modified_gmt":"2026-01-24T13:27:03","slug":"about-web-strategist-helsinki","status":"publish","type":"page","link":"https:\/\/www.tpage.cz\/fi\/about-web-strategist-helsinki\/","title":{"rendered":"Tietoja"},"content":{"rendered":"<div class=\"wp-block-uagb-container uagb-block-85b91960 alignfull uagb-is-root-container\"><div class=\"uagb-container-inner-blocks-wrap\">\n<div style=\"height:280px\" aria-hidden=\"true\" class=\"wp-block-spacer\"><\/div>\n\n\n\n<div class=\"wp-block-uagb-container uagb-block-180301a5\">\n<h1 class=\"wp-block-heading has-text-align-center has-text-color has-link-color wp-elements-15a58e51132724ea615d5bd9f3097935\" style=\"color:#eaf2f8\"><strong>Tpage<\/strong><\/h1>\n\n\n\n<h3 class=\"wp-block-heading has-text-align-center has-text-color has-link-color wp-elements-57441bc1ae2b9ea7ed62e7f7ea9272e5\" style=\"color:#eaf2f8\">Verkkostrategi Helsinki<\/h3>\n\n\n\n<div class=\"wp-block-uagb-separator uagb-block-fb1fbe33\"><div class=\"uagb-separator-spacing-wrapper\"><div class=\"wp-block-uagb-separator__inner\" style=\"--my-background-image:\"><\/div><\/div><\/div>\n\n\n\n<h4 class=\"wp-block-heading has-text-align-center has-text-color has-link-color wp-elements-05490d23087ace9f6ab976275b670101\" style=\"color:#eaf2f8\">T\u0161ekkil\u00e4inen tarkkuus, suomalainen visio \u2013 olen tekninen kumppanisi matkalla kohti tehokkuutta.<\/h4>\n<\/div>\n\n\n\n<div style=\"height:20px\" aria-hidden=\"true\" class=\"wp-block-spacer\"><\/div>\n\n\n\n<div class=\"wp-block-uagb-buttons uagb-buttons__outer-wrap uagb-btn__default-btn uagb-btn-tablet__default-btn uagb-btn-mobile__default-btn uagb-block-49655358\"><div class=\"uagb-buttons__wrap uagb-buttons-layout-wrap\">\n<div class=\"wp-block-uagb-buttons-child uagb-buttons__outer-wrap uagb-block-e246079e wp-block-button\"><div class=\"uagb-button__wrapper\"><a class=\"uagb-buttons-repeater wp-block-button__link\" aria-label=\"\" href=\"https:\/\/www.tpage.cz\/fi\/web-design-consultation-helsinki\/\" rel=\"follow noopener\" target=\"_self\" role=\"button\"><div class=\"uagb-button__link\">Haluan ilmaisen konsultaation!<\/div><\/a><\/div><\/div>\n<\/div><\/div>\n\n\n\n<div style=\"height:100px\" aria-hidden=\"true\" class=\"wp-block-spacer\"><\/div>\n<\/div><\/div>\n\n\n\n<div class=\"wp-block-uagb-container uagb-block-04280c70 alignfull uagb-is-root-container\"><div class=\"uagb-container-inner-blocks-wrap\">\n<div class=\"wp-block-uagb-container uagb-block-cd9156f4\">\n<div class=\"wp-block-uagb-container uagb-block-31896670\">\n<div style=\"height:30px\" aria-hidden=\"true\" class=\"wp-block-spacer\"><\/div>\n\n\n\n<h2 class=\"wp-block-heading\">Minun tarinani<\/h2>\n\n\n\n<p class=\"has-text-align-left\" style=\"font-size:16px;letter-spacing:0.1px\">Matkani <strong>Verkkostrategi Helsinki<\/strong> alkoi T\u0161ekin tasavallassa, mutta todellinen k\u00e4\u00e4nnekohta tapahtui t\u00e4\u00e4ll\u00e4 Helsingiss\u00e4, jossa opiskelen t\u00e4ll\u00e4 hetkell\u00e4 ja nautin yhden <strong>edistyneimm\u00e4t teknologiakeskukset<\/strong> maailmassa. T\u00e4m\u00e4 ymp\u00e4rist\u00f6 on avannut silm\u00e4ni \u2013 n\u00e4en, kuinka digitaalinen maailma muuttuu silmieni edess\u00e4. Kun perinteiset kehitt\u00e4j\u00e4t pit\u00e4v\u00e4t kiinni viime vuosikymmenen hankalista k\u00e4yt\u00e4nn\u00f6ist\u00e4, min\u00e4 yhdist\u00e4n <strong>tarkka t\u0161ekkil\u00e4inen k\u00e4sity\u00f6taito yhdistettyn\u00e4 pohjoismaiseen minimalismiin ja tehokkuuteen<\/strong>. Olen silta vision ja todellisuuden v\u00e4lill\u00e4. En odota inspiraatiota, vaan k\u00e4yt\u00e4n aktiivisesti uusimpia teko\u00e4lyty\u00f6kaluja muuttaakseni ideasi digitaaliseksi todellisuudeksi nopeammin ja \u00e4lykk\u00e4\u00e4mmin kuin kilpailijat ehtiv\u00e4t l\u00e4hett\u00e4\u00e4 alustavan tarjouksen.<\/p>\n<\/div>\n<\/div>\n\n\n\n<div class=\"wp-block-uagb-container uagb-block-eb33fa58\">\n<div style=\"height:35px\" aria-hidden=\"true\" class=\"wp-block-spacer\"><\/div>\n\n\n\n<div class=\"wp-block-uagb-container uagb-block-24396369\">\n<figure class=\"wp-block-image size-full\"><img loading=\"lazy\" decoding=\"async\" width=\"734\" height=\"752\" src=\"https:\/\/www.tpage.cz\/wp-content\/uploads\/2024\/07\/IMG_1631.jpg\" alt=\"TPage Web Strategist Helsinki - My story\" class=\"wp-image-1573\" srcset=\"https:\/\/www.tpage.cz\/wp-content\/uploads\/2024\/07\/IMG_1631.jpg 734w, https:\/\/www.tpage.cz\/wp-content\/uploads\/2024\/07\/IMG_1631-293x300.jpg 293w\" sizes=\"auto, (max-width: 734px) 100vw, 734px\" \/><\/figure>\n<\/div>\n\n\n\n<div style=\"height:35px\" aria-hidden=\"true\" class=\"wp-block-spacer\"><\/div>\n<\/div>\n<\/div><\/div>\n\n\n\n<div class=\"wp-block-uagb-container uagb-block-f6506d80 alignfull uagb-is-root-container\"><div class=\"uagb-container-inner-blocks-wrap\">\n<div class=\"wp-block-uagb-container uagb-block-1087f838\">\n<div class=\"wp-block-uagb-container uagb-block-dee990c8\">\n<div style=\"height:24px\" aria-hidden=\"true\" class=\"wp-block-spacer\"><\/div>\n\n\n\n<figure class=\"wp-block-image size-large is-resized uag-hide-mob\"><img loading=\"lazy\" decoding=\"async\" width=\"683\" height=\"1024\" src=\"https:\/\/www.tpage.cz\/wp-content\/uploads\/2024\/08\/pexels-photo-7213441-7213441-683x1024.jpg\" alt=\"Professional Web Strategist Helsinki design process\" class=\"wp-image-1760\" style=\"width:243px;height:auto\" srcset=\"https:\/\/www.tpage.cz\/wp-content\/uploads\/2024\/08\/pexels-photo-7213441-7213441-683x1024.jpg 683w, https:\/\/www.tpage.cz\/wp-content\/uploads\/2024\/08\/pexels-photo-7213441-7213441-200x300.jpg 200w, https:\/\/www.tpage.cz\/wp-content\/uploads\/2024\/08\/pexels-photo-7213441-7213441-768x1152.jpg 768w, https:\/\/www.tpage.cz\/wp-content\/uploads\/2024\/08\/pexels-photo-7213441-7213441-1024x1536.jpg 1024w, https:\/\/www.tpage.cz\/wp-content\/uploads\/2024\/08\/pexels-photo-7213441-7213441-1365x2048.jpg 1365w, https:\/\/www.tpage.cz\/wp-content\/uploads\/2024\/08\/pexels-photo-7213441-7213441-scaled.jpg 1707w\" sizes=\"auto, (max-width: 683px) 100vw, 683px\" \/><\/figure>\n\n\n\n<div style=\"height:24px\" aria-hidden=\"true\" class=\"wp-block-spacer\"><\/div>\n<\/div>\n<\/div>\n\n\n\n<div class=\"wp-block-uagb-container uagb-block-956a3d4f\">\n<h2 class=\"wp-block-heading\">Verkkosivujen suunnittelu (digitaalisen menestyksesi arkkitehtuuri)<\/h2>\n\n\n\n<div class=\"wp-block-uagb-container uagb-block-3d85b343\">\n<p class=\"has-text-align-left\" style=\"font-size:16px;letter-spacing:0.1px\">As a <strong>Verkkostrategi Helsinki<\/strong>En vain koota v\u00e4rikk\u00e4it\u00e4 palikoita, vaan rakennan tulevan menestyksesi arkkitehtuurin. Luotan <strong>vakaus<\/strong> WordPress-j\u00e4rjestelm\u00e4n ja <strong>joustavuus<\/strong> Astra-mallia, jota t\u00e4ydenn\u00e4n omalla, eritt\u00e4in optimoidulla teko\u00e4lyty\u00f6nkulullani. N\u00e4in voin keskitty\u00e4 t\u00e4ysipainoisesti t\u00e4rkeimp\u00e4\u00e4n: t\u00e4ydelliseen k\u00e4ytt\u00f6kokemukseen ja eritt\u00e4in nopeisiin latausnopeuksiin. Vuonna 2026 kukaan ei odota kahta sekuntia sis\u00e4ll\u00f6n latautumista. Luon verkkosivustoja, jotka ovat <strong>salaman nopea<\/strong>, <strong>visuaalisesti puhdas<\/strong>, ja <strong>teknisesti luodinkest\u00e4v\u00e4<\/strong> kaikentyyppisill\u00e4 laitteilla. Jokaisella pikselill\u00e4 on tarkoitus. Tavoitteenani ei ole vain luoda \u201dkaunis\u201d sivu, vaan rakentaa <strong>toiminnallinen digitaalinen ekosysteemi<\/strong> joka edustaa ammattitaitoasi arvovaltaisesti maailmanlaajuisesti.<\/p>\n<\/div>\n<\/div>\n<\/div><\/div>\n\n\n\n<div class=\"wp-block-uagb-container uagb-block-55c6e086 alignfull uagb-is-root-container\"><div class=\"uagb-container-inner-blocks-wrap\">\n<div class=\"wp-block-uagb-container uagb-block-fa55ff9d\">\n<div class=\"wp-block-uagb-container uagb-block-703aa9f6\">\n<h2 class=\"wp-block-heading\">SEO-optimointi \u2013 tulokset perustuvat dataan, ei intuitioon<\/h2>\n\n\n\n<p>Hakukoneoptimointi, tunnetaan nimell\u00e4 <strong>SEO<\/strong>, on <strong>keskeinen elementti <\/strong>kaikkien verkkoprojektien menestyksess\u00e4. Tavoitteenani on varmistaa, ett\u00e4 verkkosivustosi n\u00e4kyy hakukoneissa, kuten <a href=\"http:\/\/www.google.com\" data-type=\"link\" data-id=\"www.google.com\" target=\"_blank\" rel=\"noopener\">Google<\/a>, Bing tai Yahoo, jotka auttavat sinua <strong>houkutella lis\u00e4\u00e4 k\u00e4vij\u00f6it\u00e4 ja potentiaalisia asiakkaita<\/strong>Optimointiprosessi alkaa yksityiskohtaisella avainsana-analyysill\u00e4, jossa tunnistetaan termit ja lauseet, joita kohdeasiakkaasi k\u00e4ytt\u00e4v\u00e4t etsiess\u00e4\u00e4n palveluitasi tai tuotteitasi. T\u00e4m\u00e4n analyysin perusteella min\u00e4 <strong>optimoida sis\u00e4lt\u00f6<\/strong> sivustollasi, jotta se olisi relevantti ja houkutteleva sek\u00e4 k\u00e4ytt\u00e4jille ett\u00e4 hakukoneille.<\/p>\n\n\n\n<p>Unohda vanhentuneet tekniikat. Strategiani <strong>Verkkostrategi Helsinki<\/strong> perustuu teko\u00e4lypohjaiseen hakukoneoptimointiin. K\u00e4yt\u00e4n teko\u00e4lyn voimaa analysoidakseni perusteellisesti hakualgoritmeja ja todellista k\u00e4ytt\u00e4ytymist\u00e4, mink\u00e4 ansiosta voin m\u00e4\u00e4ritt\u00e4\u00e4 verkkosivustosi siten, ett\u00e4 hakukoneet tunnistavat sen auktoriteettina heti alusta alkaen. Teknisest\u00e4 koodin hienos\u00e4\u00e4t\u00f6st\u00e4 sis\u00e4ll\u00f6n luomiseen <strong>korkean lis\u00e4arvon sis\u00e4lt\u00f6<\/strong>, min\u00e4 <strong>luottaa yksinomaan dataan<\/strong>, ei pelkk\u00e4 intuitio. Sinun n\u00e4kyvyytesi digitaalisessa tilassa on minulle matemaattinen ongelma, jonka ratkaisen vuoden 2026 parhaiden ty\u00f6kalujen avulla. Tuloksena on verkkosivusto, joka on paitsi helppo l\u00f6yt\u00e4\u00e4, my\u00f6s aktiivinen. <strong>houkuttelee relevantteja asiakkaita<\/strong>.<\/p>\n<\/div>\n<\/div>\n\n\n\n<div class=\"wp-block-uagb-container uagb-block-7291d206\">\n<div class=\"wp-block-uagb-container uagb-block-b525596a\">\n<div style=\"height:30px\" aria-hidden=\"true\" class=\"wp-block-spacer\"><\/div>\n\n\n\n<figure class=\"wp-block-image size-large uag-hide-mob\"><img loading=\"lazy\" decoding=\"async\" width=\"683\" height=\"1024\" src=\"https:\/\/www.tpage.cz\/wp-content\/uploads\/2024\/09\/pexels-rdne-7948058-683x1024.jpg\" alt=\"Graf ukazuj\u00edc\u00ed v\u00fdsledky SEO optimalizace pro zv\u00fd\u0161en\u00ed viditelnosti ve vyhled\u00e1va\u010d\u00edch.\" class=\"wp-image-2173\" srcset=\"https:\/\/www.tpage.cz\/wp-content\/uploads\/2024\/09\/pexels-rdne-7948058-683x1024.jpg 683w, https:\/\/www.tpage.cz\/wp-content\/uploads\/2024\/09\/pexels-rdne-7948058-200x300.jpg 200w, https:\/\/www.tpage.cz\/wp-content\/uploads\/2024\/09\/pexels-rdne-7948058-768x1152.jpg 768w, https:\/\/www.tpage.cz\/wp-content\/uploads\/2024\/09\/pexels-rdne-7948058-1024x1536.jpg 1024w, https:\/\/www.tpage.cz\/wp-content\/uploads\/2024\/09\/pexels-rdne-7948058-1365x2048.jpg 1365w, https:\/\/www.tpage.cz\/wp-content\/uploads\/2024\/09\/pexels-rdne-7948058-scaled.jpg 1707w\" sizes=\"auto, (max-width: 683px) 100vw, 683px\" \/><\/figure>\n<\/div>\n<\/div>\n<\/div><\/div>","protected":false},"excerpt":{"rendered":"<p>Tpage Web Strategist Helsinki Czech precision, Finnish vision \u2013 I am your technical partner on the road to efficiency. My story My journey as a Web Strategist Helsinki began in the Czech Republic, but the real turning point came here in Helsinki, where I am currently studying and soaking up the atmosphere of one of &#8230; <a title=\"Tietoja\" class=\"read-more\" href=\"https:\/\/www.tpage.cz\/fi\/about-web-strategist-helsinki\/\" aria-label=\"Lue lis\u00e4\u00e4 aiheesta About\">Lue lis\u00e4\u00e4<\/a><\/p>","protected":false},"author":1,"featured_media":0,"parent":0,"menu_order":0,"comment_status":"closed","ping_status":"closed","template":"","meta":{"qubely_global_settings":"","qubely_interactions":"","_uag_custom_page_level_css":"","footnotes":""},"wf_page_folders":[14],"class_list":["post-1778","page","type-page","status-publish"],"uagb_featured_image_src":{"full":false,"thumbnail":false,"medium":false,"medium_large":false,"large":false,"1536x1536":false,"2048x2048":false,"trp-custom-language-flag":false,"qubely_landscape":false,"qubely_portrait":false,"qubely_thumbnail":false},"uagb_author_info":{"display_name":"telda04","author_link":"https:\/\/www.tpage.cz\/fi\/author\/telda04\/"},"uagb_comment_info":0,"uagb_excerpt":"Tpage Web Strategist Helsinki Czech precision, Finnish vision \u2013 I am your technical partner on the road to efficiency. My story My journey as a Web Strategist Helsinki began in the Czech Republic, but the real turning point came here in Helsinki, where I am currently studying and soaking up the atmosphere of one of&hellip;","_links":{"self":[{"href":"https:\/\/www.tpage.cz\/fi\/wp-json\/wp\/v2\/pages\/1778","targetHints":{"allow":["GET"]}}],"collection":[{"href":"https:\/\/www.tpage.cz\/fi\/wp-json\/wp\/v2\/pages"}],"about":[{"href":"https:\/\/www.tpage.cz\/fi\/wp-json\/wp\/v2\/types\/page"}],"author":[{"embeddable":true,"href":"https:\/\/www.tpage.cz\/fi\/wp-json\/wp\/v2\/users\/1"}],"replies":[{"embeddable":true,"href":"https:\/\/www.tpage.cz\/fi\/wp-json\/wp\/v2\/comments?post=1778"}],"version-history":[{"count":94,"href":"https:\/\/www.tpage.cz\/fi\/wp-json\/wp\/v2\/pages\/1778\/revisions"}],"predecessor-version":[{"id":2444,"href":"https:\/\/www.tpage.cz\/fi\/wp-json\/wp\/v2\/pages\/1778\/revisions\/2444"}],"wp:attachment":[{"href":"https:\/\/www.tpage.cz\/fi\/wp-json\/wp\/v2\/media?parent=1778"}],"wp:term":[{"taxonomy":"wf_page_folders","embeddable":true,"href":"https:\/\/www.tpage.cz\/fi\/wp-json\/wp\/v2\/wf_page_folders?post=1778"}],"curies":[{"name":"wp","href":"https:\/\/api.w.org\/{rel}","templated":true}]}}